{"id":162,"date":"2019-09-26T13:42:14","date_gmt":"2019-09-26T13:42:14","guid":{"rendered":"https:\/\/kulturzeit-mg-komm-an.de\/?page_id=162"},"modified":"2024-03-30T13:43:53","modified_gmt":"2024-03-30T12:43:53","slug":"imprint","status":"publish","type":"page","link":"https:\/\/kulturzeit-mg-komm-an.de\/index.php\/imprint\/","title":{"rendered":"Impressum"},"content":{"rendered":"\t\t<div data-elementor-type=\"wp-page\" data-elementor-id=\"162\" class=\"elementor elementor-162\">\n\t\t\t\t\t\t<section class=\"elementor-section elementor-top-section elementor-element elementor-element-5a0eec67 elementor-section-boxed elementor-section-height-default elementor-section-height-default\" data-id=\"5a0eec67\" data-element_type=\"section\" data-e-type=\"section\">\n\t\t\t\t\t\t<div class=\"elementor-container elementor-column-gap-default\">\n\t\t\t\t\t<div class=\"elementor-column elementor-col-100 elementor-top-column elementor-element elementor-element-6ae01d49\" data-id=\"6ae01d49\" data-element_type=\"column\" data-e-type=\"column\">\n\t\t\t<div class=\"elementor-widget-wrap elementor-element-populated\">\n\t\t\t\t\t\t<div class=\"elementor-element elementor-element-256222f9 elementor-widget elementor-widget-nav-menu\" data-id=\"256222f9\" data-element_type=\"widget\" data-e-type=\"widget\" data-widget_type=\"nav-menu.default\">\n\t\t\t\t<div class=\"elementor-widget-container\">\n\t\t\t\t\t \t\t\t\t<\/div>\n\t\t\t\t<\/div>\n\t\t\t\t\t<\/div>\n\t\t<\/div>\n\t\t\t\t\t<\/div>\n\t\t<\/section>\n\t\t\t\t<section class=\"elementor-section elementor-top-section elementor-element elementor-element-1a999116 elementor-section-height-min-height elementor-section-content-middle elementor-section-boxed elementor-section-height-default elementor-section-items-middle\" data-id=\"1a999116\" data-element_type=\"section\" data-e-type=\"section\" data-settings=\"{&quot;background_background&quot;:&quot;classic&quot;}\">\n\t\t\t\t\t\t\t<div class=\"elementor-background-overlay\"><\/div>\n\t\t\t\t\t\t\t<div class=\"elementor-container elementor-column-gap-default\">\n\t\t\t\t\t<div class=\"elementor-column elementor-col-100 elementor-top-column elementor-element elementor-element-47d73400\" data-id=\"47d73400\" data-element_type=\"column\" data-e-type=\"column\">\n\t\t\t<div class=\"elementor-widget-wrap elementor-element-populated\">\n\t\t\t\t\t\t<div class=\"elementor-element elementor-element-57a5fbdf elementor-absolute elementor-widget elementor-widget-image\" data-id=\"57a5fbdf\" data-element_type=\"widget\" data-e-type=\"widget\" data-settings=\"{&quot;_position&quot;:&quot;absolute&quot;}\" data-widget_type=\"image.default\">\n\t\t\t\t<div class=\"elementor-widget-container\">\n\t\t\t\t\t\t\t\t\t\t\t\t\t\t\t<img fetchpriority=\"high\" decoding=\"async\" width=\"957\" height=\"448\" src=\"https:\/\/kulturzeit-mg-komm-an.de\/wp-content\/uploads\/2019\/09\/Kulturzeit-Logo-weiss-schwarz.png\" class=\"attachment-full size-full wp-image-38\" alt=\"Logo Kulturl\u00f6we\" srcset=\"https:\/\/kulturzeit-mg-komm-an.de\/wp-content\/uploads\/2019\/09\/Kulturzeit-Logo-weiss-schwarz.png 957w, https:\/\/kulturzeit-mg-komm-an.de\/wp-content\/uploads\/2019\/09\/Kulturzeit-Logo-weiss-schwarz-300x140.png 300w, https:\/\/kulturzeit-mg-komm-an.de\/wp-content\/uploads\/2019\/09\/Kulturzeit-Logo-weiss-schwarz-768x360.png 768w\" sizes=\"(max-width: 957px) 100vw, 957px\" \/>\t\t\t\t\t\t\t\t\t\t\t\t\t\t\t<\/div>\n\t\t\t\t<\/div>\n\t\t\t\t\t<\/div>\n\t\t<\/div>\n\t\t\t\t\t<\/div>\n\t\t<\/section>\n\t\t\t\t<section class=\"elementor-section elementor-top-section elementor-element elementor-element-3652d298 elementor-section-content-middle elementor-section-boxed elementor-section-height-default elementor-section-height-default\" data-id=\"3652d298\" data-element_type=\"section\" data-e-type=\"section\">\n\t\t\t\t\t\t<div class=\"elementor-container elementor-column-gap-default\">\n\t\t\t\t\t<div class=\"elementor-column elementor-col-100 elementor-top-column elementor-element elementor-element-11dd4c12\" data-id=\"11dd4c12\" data-element_type=\"column\" data-e-type=\"column\">\n\t\t\t<div class=\"elementor-widget-wrap elementor-element-populated\">\n\t\t\t\t\t\t<div class=\"elementor-element elementor-element-465c418 elementor-align-right elementor-widget elementor-widget-button\" data-id=\"465c418\" data-element_type=\"widget\" data-e-type=\"widget\" data-widget_type=\"button.default\">\n\t\t\t\t<div class=\"elementor-widget-container\">\n\t\t\t\t\t\t\t\t\t<div class=\"elementor-button-wrapper\">\n\t\t\t\t\t<a class=\"elementor-button elementor-button-link elementor-size-sm\" href=\"https:\/\/kulturzeit-mg-komm-an.de\/\">\n\t\t\t\t\t\t<span class=\"elementor-button-content-wrapper\">\n\t\t\t\t\t\t\t\t\t<span class=\"elementor-button-text\">Home<\/span>\n\t\t\t\t\t<\/span>\n\t\t\t\t\t<\/a>\n\t\t\t\t<\/div>\n\t\t\t\t\t\t\t\t<\/div>\n\t\t\t\t<\/div>\n\t\t\t\t<div class=\"elementor-element elementor-element-4ac6070e elementor-widget elementor-widget-heading\" data-id=\"4ac6070e\" data-element_type=\"widget\" data-e-type=\"widget\" data-widget_type=\"heading.default\">\n\t\t\t\t<div class=\"elementor-widget-container\">\n\t\t\t\t\t<h5 class=\"elementor-heading-title elementor-size-small\"><strong>Imprint<\/strong><\/h5>\t\t\t\t<\/div>\n\t\t\t\t<\/div>\n\t\t\t\t<div class=\"elementor-element elementor-element-07ff5ba elementor-widget elementor-widget-text-editor\" data-id=\"07ff5ba\" data-element_type=\"widget\" data-e-type=\"widget\" data-widget_type=\"text-editor.default\">\n\t\t\t\t<div class=\"elementor-widget-container\">\n\t\t\t\t\t\t\t\t\t<p><strong>Kulturl\u00f6we Niederrhein e.V.<\/strong><\/p><p>based in<br \/>41068 M\u00f6nchengladbach<br \/>Poethenberg 93<\/p><p><strong><u>Visiting address:<\/u><\/strong><br \/>Wallstra\u00dfe 1<br \/>41061 M\u00f6nchengladbach<\/p><p>Phone: 02161\/96228-84 <br \/>Email: post@kulturloewe.de<\/p><p><strong>Responsible for the contents:<\/strong><\/p><p>Miriam Colonna, Manager<\/p><p>District Court of M\u00f6nchengladbach HRB 15718<\/p><p><strong>Sources<\/strong><\/p><p>Photos header: Hannah von Dahlen<\/p><p><strong>Disclaimer<\/strong><\/p><p>The author accepts no liability for the up-todateness, correctness, completeness or quality of the content of this website. Any liability claims against the author for material or immaterial damages caused by the usage or non-usage of information available on this website or the use of erroneous or incomplete information available on this website shall be excluded insofar as no culpable act of gross negligence has been committed by the author.<\/p><p>This website contains links to external internet sites, which, at the time of publication, contained either openly accessible data or other relevant information. Although the author checks the links regularly, he\/she cannot rule out that these links lead to other, possibly even illegal contents at a later point of time. A liability obligation would come into force only in the event that the author would be in the know of any illegal contents and leave them on this website.<br \/>Accordingly, the author expressly declares that as of the date on which the links were created the linked website is free of any illegal content. The author has no influence on the current and future design and content of third party linked sites. Therefore, the author dissociates him-\/herself explicitly from all changes concerning the contents of linked pages that were made after the link was set. This declaration refers to all links and referrals.<\/p><p>The copyright for published material created by the author remains the property of the author of the pages.<br \/>The elimination of any infringement of industrial property rights resulting from this homepage by the proprietors of the industrial property or other people must not be performed without the author\u2019s prior consent.<\/p>\t\t\t\t\t\t\t\t<\/div>\n\t\t\t\t<\/div>\n\t\t\t\t\t<\/div>\n\t\t<\/div>\n\t\t\t\t\t<\/div>\n\t\t<\/section>\n\t\t\t\t<section class=\"elementor-section elementor-top-section elementor-element elementor-element-bde1d41 elementor-section-boxed elementor-section-height-default elementor-section-height-default\" data-id=\"bde1d41\" data-element_type=\"section\" data-e-type=\"section\">\n\t\t\t\t\t\t<div class=\"elementor-container elementor-column-gap-default\">\n\t\t\t\t\t<div class=\"elementor-column elementor-col-33 elementor-top-column elementor-element elementor-element-40c22a2b\" data-id=\"40c22a2b\" data-element_type=\"column\" data-e-type=\"column\">\n\t\t\t<div class=\"elementor-widget-wrap elementor-element-populated\">\n\t\t\t\t\t\t<div class=\"elementor-element elementor-element-2cda5a98 elementor-widget elementor-widget-heading\" data-id=\"2cda5a98\" data-element_type=\"widget\" data-e-type=\"widget\" data-widget_type=\"heading.default\">\n\t\t\t\t<div class=\"elementor-widget-container\">\n\t\t\t\t\t<h5 class=\"elementor-heading-title elementor-size-small\">Kulturl\u00f6we Niederrhein e.V.<\/h5>\t\t\t\t<\/div>\n\t\t\t\t<\/div>\n\t\t\t\t<div class=\"elementor-element elementor-element-16500922 elementor-widget-divider--view-line elementor-widget elementor-widget-divider\" data-id=\"16500922\" data-element_type=\"widget\" data-e-type=\"widget\" data-widget_type=\"divider.default\">\n\t\t\t\t<div class=\"elementor-widget-container\">\n\t\t\t\t\t\t\t<div class=\"elementor-divider\">\n\t\t\t<span class=\"elementor-divider-separator\">\n\t\t\t\t\t\t<\/span>\n\t\t<\/div>\n\t\t\t\t\t\t<\/div>\n\t\t\t\t<\/div>\n\t\t\t\t<div class=\"elementor-element elementor-element-7605354b elementor-icon-list--layout-traditional elementor-list-item-link-full_width elementor-widget elementor-widget-icon-list\" data-id=\"7605354b\" data-element_type=\"widget\" data-e-type=\"widget\" data-widget_type=\"icon-list.default\">\n\t\t\t\t<div class=\"elementor-widget-container\">\n\t\t\t\t\t\t\t<ul class=\"elementor-icon-list-items\">\n\t\t\t\t\t\t\t<li class=\"elementor-icon-list-item\">\n\t\t\t\t\t\t\t\t\t\t\t<span class=\"elementor-icon-list-icon\">\n\t\t\t\t\t\t\t<i aria-hidden=\"true\" class=\"fas fa-map-marker-alt\"><\/i>\t\t\t\t\t\t<\/span>\n\t\t\t\t\t\t\t\t\t\t<span class=\"elementor-icon-list-text\">Wallstra\u00dfe 1, 41061 M\u00f6nchengladbach<\/span>\n\t\t\t\t\t\t\t\t\t<\/li>\n\t\t\t\t\t\t\t\t<li class=\"elementor-icon-list-item\">\n\t\t\t\t\t\t\t\t\t\t\t<a href=\"mailto:post@kulturloewe.de\">\n\n\t\t\t\t\t\t\t\t\t\t\t\t<span class=\"elementor-icon-list-icon\">\n\t\t\t\t\t\t\t<i aria-hidden=\"true\" class=\"fas fa-envelope-square\"><\/i>\t\t\t\t\t\t<\/span>\n\t\t\t\t\t\t\t\t\t\t<span class=\"elementor-icon-list-text\">post@kulturloewe.de<\/span>\n\t\t\t\t\t\t\t\t\t\t\t<\/a>\n\t\t\t\t\t\t\t\t\t<\/li>\n\t\t\t\t\t\t\t\t<li class=\"elementor-icon-list-item\">\n\t\t\t\t\t\t\t\t\t\t\t<span class=\"elementor-icon-list-icon\">\n\t\t\t\t\t\t\t<i aria-hidden=\"true\" class=\"fas fa-phone-square\"><\/i>\t\t\t\t\t\t<\/span>\n\t\t\t\t\t\t\t\t\t\t<span class=\"elementor-icon-list-text\">(02161) 96 228 84<\/span>\n\t\t\t\t\t\t\t\t\t<\/li>\n\t\t\t\t\t\t\t\t<li class=\"elementor-icon-list-item\">\n\t\t\t\t\t\t\t\t\t\t\t<span class=\"elementor-icon-list-icon\">\n\t\t\t\t\t\t\t<i aria-hidden=\"true\" class=\"far fa-clock\"><\/i>\t\t\t\t\t\t<\/span>\n\t\t\t\t\t\t\t\t\t\t<span class=\"elementor-icon-list-text\">Opening hours: <\/span>\n\t\t\t\t\t\t\t\t\t<\/li>\n\t\t\t\t\t\t\t\t<li class=\"elementor-icon-list-item\">\n\t\t\t\t\t\t\t\t\t\t<span class=\"elementor-icon-list-text\">Tuesday, Wednesday and Friday: 09:00 - 14:00 o'clock<\/span>\n\t\t\t\t\t\t\t\t\t<\/li>\n\t\t\t\t\t\t\t\t<li class=\"elementor-icon-list-item\">\n\t\t\t\t\t\t\t\t\t\t<span class=\"elementor-icon-list-text\">Thursday: 11:00 - 16:00 o'clock<\/span>\n\t\t\t\t\t\t\t\t\t<\/li>\n\t\t\t\t\t\t\t\t<li class=\"elementor-icon-list-item\">\n\t\t\t\t\t\t\t\t\t\t<span class=\"elementor-icon-list-text\">Saturday: 10:00 - 14:00 o'clock<\/span>\n\t\t\t\t\t\t\t\t\t<\/li>\n\t\t\t\t\t\t<\/ul>\n\t\t\t\t\t\t<\/div>\n\t\t\t\t<\/div>\n\t\t\t\t\t<\/div>\n\t\t<\/div>\n\t\t\t\t<div class=\"elementor-column elementor-col-33 elementor-top-column elementor-element elementor-element-5f54e851\" data-id=\"5f54e851\" data-element_type=\"column\" data-e-type=\"column\">\n\t\t\t<div class=\"elementor-widget-wrap elementor-element-populated\">\n\t\t\t\t\t\t<div class=\"elementor-element elementor-element-1e8ab5d5 elementor-widget elementor-widget-image\" data-id=\"1e8ab5d5\" data-element_type=\"widget\" data-e-type=\"widget\" data-widget_type=\"image.default\">\n\t\t\t\t<div class=\"elementor-widget-container\">\n\t\t\t\t\t\t\t\t\t\t\t\t\t\t\t<img decoding=\"async\" width=\"800\" height=\"375\" src=\"https:\/\/kulturzeit-mg-komm-an.de\/wp-content\/uploads\/2019\/09\/Kulturzeit-Logo-weinrot_4c.png\" class=\"attachment-large size-large wp-image-37\" alt=\"\" srcset=\"https:\/\/kulturzeit-mg-komm-an.de\/wp-content\/uploads\/2019\/09\/Kulturzeit-Logo-weinrot_4c.png 957w, https:\/\/kulturzeit-mg-komm-an.de\/wp-content\/uploads\/2019\/09\/Kulturzeit-Logo-weinrot_4c-300x140.png 300w, https:\/\/kulturzeit-mg-komm-an.de\/wp-content\/uploads\/2019\/09\/Kulturzeit-Logo-weinrot_4c-768x360.png 768w\" sizes=\"(max-width: 800px) 100vw, 800px\" \/>\t\t\t\t\t\t\t\t\t\t\t\t\t\t\t<\/div>\n\t\t\t\t<\/div>\n\t\t\t\t\t<\/div>\n\t\t<\/div>\n\t\t\t\t<div class=\"elementor-column elementor-col-33 elementor-top-column elementor-element elementor-element-79aa757a\" data-id=\"79aa757a\" data-element_type=\"column\" data-e-type=\"column\">\n\t\t\t<div class=\"elementor-widget-wrap elementor-element-populated\">\n\t\t\t\t\t\t<div class=\"elementor-element elementor-element-760aa61 elementor-widget elementor-widget-google_maps\" data-id=\"760aa61\" data-element_type=\"widget\" data-e-type=\"widget\" data-widget_type=\"google_maps.default\">\n\t\t\t\t<div class=\"elementor-widget-container\">\n\t\t\t\t\t\t\t<div class=\"elementor-custom-embed\">\n\t\t\t<iframe loading=\"lazy\"\n\t\t\t\t\tsrc=\"https:\/\/maps.google.com\/maps?q=M%C3%B6nchengladbach%2C%20Wallstra%C3%9Fe%201&#038;t=m&#038;z=10&#038;output=embed&#038;iwloc=near\"\n\t\t\t\t\ttitle=\"M\u00f6nchengladbach, Wallstra\u00dfe 1\"\n\t\t\t\t\taria-label=\"M\u00f6nchengladbach, Wallstra\u00dfe 1\"\n\t\t\t><\/iframe>\n\t\t<\/div>\n\t\t\t\t\t\t<\/div>\n\t\t\t\t<\/div>\n\t\t\t\t\t<\/div>\n\t\t<\/div>\n\t\t\t\t\t<\/div>\n\t\t<\/section>\n\t\t\t\t<\/div>\n\t\t","protected":false},"excerpt":{"rendered":"<p>Home Imprint Kulturl\u00f6we Niederrhein e.V. based in41068 M\u00f6nchengladbachPoethenberg 93 Visiting address:Wallstra\u00dfe 141061 M\u00f6nchengladbach Phone: 02161\/96228-84 Email: post@kulturloewe.de Responsible for the contents: Miriam Colonna, Manager District Court of M\u00f6nchengladbach HRB 15718 Sources Photos header: Hannah von Dahlen Disclaimer The author accepts no liability for the up-todateness, correctness, completeness or quality of the content of this website. [&hellip;]<\/p>\n","protected":false},"author":1,"featured_media":0,"parent":0,"menu_order":0,"comment_status":"closed","ping_status":"closed","template":"elementor_canvas","meta":{"footnotes":""},"class_list":["post-162","page","type-page","status-publish","hentry"],"_links":{"self":[{"href":"https:\/\/kulturzeit-mg-komm-an.de\/index.php\/wp-json\/wp\/v2\/pages\/162","targetHints":{"allow":["GET"]}}],"collection":[{"href":"https:\/\/kulturzeit-mg-komm-an.de\/index.php\/wp-json\/wp\/v2\/pages"}],"about":[{"href":"https:\/\/kulturzeit-mg-komm-an.de\/index.php\/wp-json\/wp\/v2\/types\/page"}],"author":[{"embeddable":true,"href":"https:\/\/kulturzeit-mg-komm-an.de\/index.php\/wp-json\/wp\/v2\/users\/1"}],"replies":[{"embeddable":true,"href":"https:\/\/kulturzeit-mg-komm-an.de\/index.php\/wp-json\/wp\/v2\/comments?post=162"}],"version-history":[{"count":21,"href":"https:\/\/kulturzeit-mg-komm-an.de\/index.php\/wp-json\/wp\/v2\/pages\/162\/revisions"}],"predecessor-version":[{"id":490,"href":"https:\/\/kulturzeit-mg-komm-an.de\/index.php\/wp-json\/wp\/v2\/pages\/162\/revisions\/490"}],"wp:attachment":[{"href":"https:\/\/kulturzeit-mg-komm-an.de\/index.php\/wp-json\/wp\/v2\/media?parent=162"}],"curies":[{"name":"wp","href":"https:\/\/api.w.org\/{rel}","templated":true}]}}